{"id":928,"date":"2022-05-17T21:52:42","date_gmt":"2022-05-17T21:52:42","guid":{"rendered":"https:\/\/www.aquafinance.com\/distribuidores\/"},"modified":"2024-10-15T11:55:04","modified_gmt":"2024-10-15T11:55:04","slug":"distribuidores","status":"publish","type":"page","link":"https:\/\/www.aquafinance.com\/es\/distribuidores\/","title":{"rendered":"Distribuidores"},"content":{"rendered":"","protected":false},"excerpt":{"rendered":"","protected":false},"author":1,"featured_media":0,"parent":0,"menu_order":0,"comment_status":"closed","ping_status":"closed","template":"template-parts\/tbl-dealer.php","meta":{"_acf_changed":false,"inline_featured_image":false,"footnotes":"","_links_to":"","_links_to_target":""},"class_list":["post-928","page","type-page","status-publish","hentry"],"acf":[],"yoast_head":"<!-- This site is optimized with the Yoast SEO plugin v27.4 - https:\/\/yoast.com\/product\/yoast-seo-wordpress\/ -->\n<title>Distribuidores de Aqua Finance: Asociaciones \u00c9xitosas<\/title>\n<meta name=\"description\" content=\"Convi\u00e9rtete en distribuidor asociado de Aqua Finance. Benef\u00edciate de nuestras soluciones financieras integrales para hacer crecer tu negocio.\" \/>\n<meta name=\"robots\" content=\"index, follow, max-snippet:-1, max-image-preview:large, max-video-preview:-1\" \/>\n<link rel=\"canonical\" href=\"https:\/\/www.aquafinance.com\/es\/distribuidores\/\" \/>\n<meta property=\"og:locale\" content=\"es_ES\" \/>\n<meta property=\"og:type\" content=\"article\" \/>\n<meta property=\"og:title\" content=\"Distribuidores de Aqua Finance: Asociaciones \u00c9xitosas\" \/>\n<meta property=\"og:description\" content=\"Convi\u00e9rtete en distribuidor asociado de Aqua Finance. Benef\u00edciate de nuestras soluciones financieras integrales para hacer crecer tu negocio.\" \/>\n<meta property=\"og:url\" content=\"https:\/\/www.aquafinance.com\/es\/distribuidores\/\" \/>\n<meta property=\"og:site_name\" content=\"Aqua Finance\" \/>\n<meta property=\"article:modified_time\" content=\"2024-10-15T11:55:04+00:00\" \/>\n<meta name=\"twitter:card\" content=\"summary_large_image\" \/>\n<script type=\"application\/ld+json\" class=\"yoast-schema-graph\">{\"@context\":\"https:\\\/\\\/schema.org\",\"@graph\":[{\"@type\":\"WebPage\",\"@id\":\"https:\\\/\\\/www.aquafinance.com\\\/es\\\/distribuidores\\\/\",\"url\":\"https:\\\/\\\/www.aquafinance.com\\\/es\\\/distribuidores\\\/\",\"name\":\"Distribuidores de Aqua Finance: Asociaciones \u00c9xitosas\",\"isPartOf\":{\"@id\":\"https:\\\/\\\/www.aquafinance.com\\\/es\\\/#website\"},\"datePublished\":\"2022-05-17T21:52:42+00:00\",\"dateModified\":\"2024-10-15T11:55:04+00:00\",\"description\":\"Convi\u00e9rtete en distribuidor asociado de Aqua Finance. Benef\u00edciate de nuestras soluciones financieras integrales para hacer crecer tu negocio.\",\"breadcrumb\":{\"@id\":\"https:\\\/\\\/www.aquafinance.com\\\/es\\\/distribuidores\\\/#breadcrumb\"},\"inLanguage\":\"es\",\"potentialAction\":[{\"@type\":\"ReadAction\",\"target\":[\"https:\\\/\\\/www.aquafinance.com\\\/es\\\/distribuidores\\\/\"]}]},{\"@type\":\"BreadcrumbList\",\"@id\":\"https:\\\/\\\/www.aquafinance.com\\\/es\\\/distribuidores\\\/#breadcrumb\",\"itemListElement\":[{\"@type\":\"ListItem\",\"position\":1,\"name\":\"Home\",\"item\":\"https:\\\/\\\/www.aquafinance.com\\\/es\\\/\"},{\"@type\":\"ListItem\",\"position\":2,\"name\":\"Distribuidores\"}]},{\"@type\":\"WebSite\",\"@id\":\"https:\\\/\\\/www.aquafinance.com\\\/es\\\/#website\",\"url\":\"https:\\\/\\\/www.aquafinance.com\\\/es\\\/\",\"name\":\"Aqua Finance\",\"description\":\"\",\"publisher\":{\"@id\":\"https:\\\/\\\/www.aquafinance.com\\\/es\\\/#organization\"},\"potentialAction\":[{\"@type\":\"SearchAction\",\"target\":{\"@type\":\"EntryPoint\",\"urlTemplate\":\"https:\\\/\\\/www.aquafinance.com\\\/es\\\/?s={search_term_string}\"},\"query-input\":{\"@type\":\"PropertyValueSpecification\",\"valueRequired\":true,\"valueName\":\"search_term_string\"}}],\"inLanguage\":\"es\"},{\"@type\":\"Organization\",\"@id\":\"https:\\\/\\\/www.aquafinance.com\\\/es\\\/#organization\",\"name\":\"Aqua finance\",\"url\":\"https:\\\/\\\/www.aquafinance.com\\\/es\\\/\",\"logo\":{\"@type\":\"ImageObject\",\"inLanguage\":\"es\",\"@id\":\"https:\\\/\\\/www.aquafinance.com\\\/es\\\/#\\\/schema\\\/logo\\\/image\\\/\",\"url\":\"https:\\\/\\\/www.aquafinance.com\\\/wp-content\\\/uploads\\\/2022\\\/05\\\/Aqua_Primary_Logo.svg\",\"contentUrl\":\"https:\\\/\\\/www.aquafinance.com\\\/wp-content\\\/uploads\\\/2022\\\/05\\\/Aqua_Primary_Logo.svg\",\"width\":130,\"height\":32,\"caption\":\"Aqua finance\"},\"image\":{\"@id\":\"https:\\\/\\\/www.aquafinance.com\\\/es\\\/#\\\/schema\\\/logo\\\/image\\\/\"}}]}<\/script>\n<!-- \/ Yoast SEO plugin. -->","yoast_head_json":{"title":"Distribuidores de Aqua Finance: Asociaciones \u00c9xitosas","description":"Convi\u00e9rtete en distribuidor asociado de Aqua Finance. Benef\u00edciate de nuestras soluciones financieras integrales para hacer crecer tu negocio.","robots":{"index":"index","follow":"follow","max-snippet":"max-snippet:-1","max-image-preview":"max-image-preview:large","max-video-preview":"max-video-preview:-1"},"canonical":"https:\/\/www.aquafinance.com\/es\/distribuidores\/","og_locale":"es_ES","og_type":"article","og_title":"Distribuidores de Aqua Finance: Asociaciones \u00c9xitosas","og_description":"Convi\u00e9rtete en distribuidor asociado de Aqua Finance. Benef\u00edciate de nuestras soluciones financieras integrales para hacer crecer tu negocio.","og_url":"https:\/\/www.aquafinance.com\/es\/distribuidores\/","og_site_name":"Aqua Finance","article_modified_time":"2024-10-15T11:55:04+00:00","twitter_card":"summary_large_image","schema":{"@context":"https:\/\/schema.org","@graph":[{"@type":"WebPage","@id":"https:\/\/www.aquafinance.com\/es\/distribuidores\/","url":"https:\/\/www.aquafinance.com\/es\/distribuidores\/","name":"Distribuidores de Aqua Finance: Asociaciones \u00c9xitosas","isPartOf":{"@id":"https:\/\/www.aquafinance.com\/es\/#website"},"datePublished":"2022-05-17T21:52:42+00:00","dateModified":"2024-10-15T11:55:04+00:00","description":"Convi\u00e9rtete en distribuidor asociado de Aqua Finance. Benef\u00edciate de nuestras soluciones financieras integrales para hacer crecer tu negocio.","breadcrumb":{"@id":"https:\/\/www.aquafinance.com\/es\/distribuidores\/#breadcrumb"},"inLanguage":"es","potentialAction":[{"@type":"ReadAction","target":["https:\/\/www.aquafinance.com\/es\/distribuidores\/"]}]},{"@type":"BreadcrumbList","@id":"https:\/\/www.aquafinance.com\/es\/distribuidores\/#breadcrumb","itemListElement":[{"@type":"ListItem","position":1,"name":"Home","item":"https:\/\/www.aquafinance.com\/es\/"},{"@type":"ListItem","position":2,"name":"Distribuidores"}]},{"@type":"WebSite","@id":"https:\/\/www.aquafinance.com\/es\/#website","url":"https:\/\/www.aquafinance.com\/es\/","name":"Aqua Finance","description":"","publisher":{"@id":"https:\/\/www.aquafinance.com\/es\/#organization"},"potentialAction":[{"@type":"SearchAction","target":{"@type":"EntryPoint","urlTemplate":"https:\/\/www.aquafinance.com\/es\/?s={search_term_string}"},"query-input":{"@type":"PropertyValueSpecification","valueRequired":true,"valueName":"search_term_string"}}],"inLanguage":"es"},{"@type":"Organization","@id":"https:\/\/www.aquafinance.com\/es\/#organization","name":"Aqua finance","url":"https:\/\/www.aquafinance.com\/es\/","logo":{"@type":"ImageObject","inLanguage":"es","@id":"https:\/\/www.aquafinance.com\/es\/#\/schema\/logo\/image\/","url":"https:\/\/www.aquafinance.com\/wp-content\/uploads\/2022\/05\/Aqua_Primary_Logo.svg","contentUrl":"https:\/\/www.aquafinance.com\/wp-content\/uploads\/2022\/05\/Aqua_Primary_Logo.svg","width":130,"height":32,"caption":"Aqua finance"},"image":{"@id":"https:\/\/www.aquafinance.com\/es\/#\/schema\/logo\/image\/"}}]}},"_links":{"self":[{"href":"https:\/\/www.aquafinance.com\/es\/wp-json\/wp\/v2\/pages\/928","targetHints":{"allow":["GET"]}}],"collection":[{"href":"https:\/\/www.aquafinance.com\/es\/wp-json\/wp\/v2\/pages"}],"about":[{"href":"https:\/\/www.aquafinance.com\/es\/wp-json\/wp\/v2\/types\/page"}],"author":[{"embeddable":true,"href":"https:\/\/www.aquafinance.com\/es\/wp-json\/wp\/v2\/users\/1"}],"replies":[{"embeddable":true,"href":"https:\/\/www.aquafinance.com\/es\/wp-json\/wp\/v2\/comments?post=928"}],"version-history":[{"count":0,"href":"https:\/\/www.aquafinance.com\/es\/wp-json\/wp\/v2\/pages\/928\/revisions"}],"wp:attachment":[{"href":"https:\/\/www.aquafinance.com\/es\/wp-json\/wp\/v2\/media?parent=928"}],"curies":[{"name":"wp","href":"https:\/\/api.w.org\/{rel}","templated":true}]}}