{"id":918,"date":"2022-05-17T21:52:28","date_gmt":"2022-05-17T21:52:28","guid":{"rendered":"https:\/\/www.aquafinance.com\/acerca-de\/"},"modified":"2025-06-30T17:14:30","modified_gmt":"2025-06-30T17:14:30","slug":"informacion","status":"publish","type":"page","link":"https:\/\/www.aquafinance.com\/es\/informacion\/","title":{"rendered":"Acerca de"},"content":{"rendered":"","protected":false},"excerpt":{"rendered":"","protected":false},"author":1,"featured_media":0,"parent":0,"menu_order":0,"comment_status":"closed","ping_status":"closed","template":"template-parts\/tbl-about.php","meta":{"_acf_changed":false,"inline_featured_image":false,"footnotes":"","_links_to":"","_links_to_target":""},"class_list":["post-918","page","type-page","status-publish","hentry"],"acf":[],"yoast_head":"<!-- This site is optimized with the Yoast SEO plugin v27.3 - https:\/\/yoast.com\/product\/yoast-seo-wordpress\/ -->\n<title>Informaci\u00f3n Financiera - Aqua Finance en Espa\u00f1ol<\/title>\n<meta name=\"description\" content=\"Accede a informaci\u00f3n financiera clave en espa\u00f1ol con Aqua Finance. Explora soluciones de financiamiento y asesoramiento experto para tus necesidades.\" \/>\n<meta name=\"robots\" content=\"index, follow, max-snippet:-1, max-image-preview:large, max-video-preview:-1\" \/>\n<link rel=\"canonical\" href=\"https:\/\/www.aquafinance.com\/es\/informacion\/\" \/>\n<meta property=\"og:locale\" content=\"es_ES\" \/>\n<meta property=\"og:type\" content=\"article\" \/>\n<meta property=\"og:title\" content=\"Informaci\u00f3n Financiera - Aqua Finance en Espa\u00f1ol\" \/>\n<meta property=\"og:description\" content=\"Accede a informaci\u00f3n financiera clave en espa\u00f1ol con Aqua Finance. Explora soluciones de financiamiento y asesoramiento experto para tus necesidades.\" \/>\n<meta property=\"og:url\" content=\"https:\/\/www.aquafinance.com\/es\/informacion\/\" \/>\n<meta property=\"og:site_name\" content=\"Aqua Finance\" \/>\n<meta property=\"article:modified_time\" content=\"2025-06-30T17:14:30+00:00\" \/>\n<meta name=\"twitter:card\" content=\"summary_large_image\" \/>\n<script type=\"application\/ld+json\" class=\"yoast-schema-graph\">{\"@context\":\"https:\\\/\\\/schema.org\",\"@graph\":[{\"@type\":\"WebPage\",\"@id\":\"https:\\\/\\\/www.aquafinance.com\\\/es\\\/informacion\\\/\",\"url\":\"https:\\\/\\\/www.aquafinance.com\\\/es\\\/informacion\\\/\",\"name\":\"Informaci\u00f3n Financiera - Aqua Finance en Espa\u00f1ol\",\"isPartOf\":{\"@id\":\"https:\\\/\\\/www.aquafinance.com\\\/es\\\/#website\"},\"datePublished\":\"2022-05-17T21:52:28+00:00\",\"dateModified\":\"2025-06-30T17:14:30+00:00\",\"description\":\"Accede a informaci\u00f3n financiera clave en espa\u00f1ol con Aqua Finance. Explora soluciones de financiamiento y asesoramiento experto para tus necesidades.\",\"breadcrumb\":{\"@id\":\"https:\\\/\\\/www.aquafinance.com\\\/es\\\/informacion\\\/#breadcrumb\"},\"inLanguage\":\"es\",\"potentialAction\":[{\"@type\":\"ReadAction\",\"target\":[\"https:\\\/\\\/www.aquafinance.com\\\/es\\\/informacion\\\/\"]}]},{\"@type\":\"BreadcrumbList\",\"@id\":\"https:\\\/\\\/www.aquafinance.com\\\/es\\\/informacion\\\/#breadcrumb\",\"itemListElement\":[{\"@type\":\"ListItem\",\"position\":1,\"name\":\"Home\",\"item\":\"https:\\\/\\\/www.aquafinance.com\\\/es\\\/\"},{\"@type\":\"ListItem\",\"position\":2,\"name\":\"Acerca de\"}]},{\"@type\":\"WebSite\",\"@id\":\"https:\\\/\\\/www.aquafinance.com\\\/es\\\/#website\",\"url\":\"https:\\\/\\\/www.aquafinance.com\\\/es\\\/\",\"name\":\"Aqua Finance\",\"description\":\"\",\"publisher\":{\"@id\":\"https:\\\/\\\/www.aquafinance.com\\\/es\\\/#organization\"},\"potentialAction\":[{\"@type\":\"SearchAction\",\"target\":{\"@type\":\"EntryPoint\",\"urlTemplate\":\"https:\\\/\\\/www.aquafinance.com\\\/es\\\/?s={search_term_string}\"},\"query-input\":{\"@type\":\"PropertyValueSpecification\",\"valueRequired\":true,\"valueName\":\"search_term_string\"}}],\"inLanguage\":\"es\"},{\"@type\":\"Organization\",\"@id\":\"https:\\\/\\\/www.aquafinance.com\\\/es\\\/#organization\",\"name\":\"Aqua finance\",\"url\":\"https:\\\/\\\/www.aquafinance.com\\\/es\\\/\",\"logo\":{\"@type\":\"ImageObject\",\"inLanguage\":\"es\",\"@id\":\"https:\\\/\\\/www.aquafinance.com\\\/es\\\/#\\\/schema\\\/logo\\\/image\\\/\",\"url\":\"https:\\\/\\\/www.aquafinance.com\\\/wp-content\\\/uploads\\\/2022\\\/05\\\/Aqua_Primary_Logo.svg\",\"contentUrl\":\"https:\\\/\\\/www.aquafinance.com\\\/wp-content\\\/uploads\\\/2022\\\/05\\\/Aqua_Primary_Logo.svg\",\"width\":130,\"height\":32,\"caption\":\"Aqua finance\"},\"image\":{\"@id\":\"https:\\\/\\\/www.aquafinance.com\\\/es\\\/#\\\/schema\\\/logo\\\/image\\\/\"}}]}<\/script>\n<!-- \/ Yoast SEO plugin. -->","yoast_head_json":{"title":"Informaci\u00f3n Financiera - Aqua Finance en Espa\u00f1ol","description":"Accede a informaci\u00f3n financiera clave en espa\u00f1ol con Aqua Finance. Explora soluciones de financiamiento y asesoramiento experto para tus necesidades.","robots":{"index":"index","follow":"follow","max-snippet":"max-snippet:-1","max-image-preview":"max-image-preview:large","max-video-preview":"max-video-preview:-1"},"canonical":"https:\/\/www.aquafinance.com\/es\/informacion\/","og_locale":"es_ES","og_type":"article","og_title":"Informaci\u00f3n Financiera - Aqua Finance en Espa\u00f1ol","og_description":"Accede a informaci\u00f3n financiera clave en espa\u00f1ol con Aqua Finance. Explora soluciones de financiamiento y asesoramiento experto para tus necesidades.","og_url":"https:\/\/www.aquafinance.com\/es\/informacion\/","og_site_name":"Aqua Finance","article_modified_time":"2025-06-30T17:14:30+00:00","twitter_card":"summary_large_image","schema":{"@context":"https:\/\/schema.org","@graph":[{"@type":"WebPage","@id":"https:\/\/www.aquafinance.com\/es\/informacion\/","url":"https:\/\/www.aquafinance.com\/es\/informacion\/","name":"Informaci\u00f3n Financiera - Aqua Finance en Espa\u00f1ol","isPartOf":{"@id":"https:\/\/www.aquafinance.com\/es\/#website"},"datePublished":"2022-05-17T21:52:28+00:00","dateModified":"2025-06-30T17:14:30+00:00","description":"Accede a informaci\u00f3n financiera clave en espa\u00f1ol con Aqua Finance. Explora soluciones de financiamiento y asesoramiento experto para tus necesidades.","breadcrumb":{"@id":"https:\/\/www.aquafinance.com\/es\/informacion\/#breadcrumb"},"inLanguage":"es","potentialAction":[{"@type":"ReadAction","target":["https:\/\/www.aquafinance.com\/es\/informacion\/"]}]},{"@type":"BreadcrumbList","@id":"https:\/\/www.aquafinance.com\/es\/informacion\/#breadcrumb","itemListElement":[{"@type":"ListItem","position":1,"name":"Home","item":"https:\/\/www.aquafinance.com\/es\/"},{"@type":"ListItem","position":2,"name":"Acerca de"}]},{"@type":"WebSite","@id":"https:\/\/www.aquafinance.com\/es\/#website","url":"https:\/\/www.aquafinance.com\/es\/","name":"Aqua Finance","description":"","publisher":{"@id":"https:\/\/www.aquafinance.com\/es\/#organization"},"potentialAction":[{"@type":"SearchAction","target":{"@type":"EntryPoint","urlTemplate":"https:\/\/www.aquafinance.com\/es\/?s={search_term_string}"},"query-input":{"@type":"PropertyValueSpecification","valueRequired":true,"valueName":"search_term_string"}}],"inLanguage":"es"},{"@type":"Organization","@id":"https:\/\/www.aquafinance.com\/es\/#organization","name":"Aqua finance","url":"https:\/\/www.aquafinance.com\/es\/","logo":{"@type":"ImageObject","inLanguage":"es","@id":"https:\/\/www.aquafinance.com\/es\/#\/schema\/logo\/image\/","url":"https:\/\/www.aquafinance.com\/wp-content\/uploads\/2022\/05\/Aqua_Primary_Logo.svg","contentUrl":"https:\/\/www.aquafinance.com\/wp-content\/uploads\/2022\/05\/Aqua_Primary_Logo.svg","width":130,"height":32,"caption":"Aqua finance"},"image":{"@id":"https:\/\/www.aquafinance.com\/es\/#\/schema\/logo\/image\/"}}]}},"_links":{"self":[{"href":"https:\/\/www.aquafinance.com\/es\/wp-json\/wp\/v2\/pages\/918","targetHints":{"allow":["GET"]}}],"collection":[{"href":"https:\/\/www.aquafinance.com\/es\/wp-json\/wp\/v2\/pages"}],"about":[{"href":"https:\/\/www.aquafinance.com\/es\/wp-json\/wp\/v2\/types\/page"}],"author":[{"embeddable":true,"href":"https:\/\/www.aquafinance.com\/es\/wp-json\/wp\/v2\/users\/1"}],"replies":[{"embeddable":true,"href":"https:\/\/www.aquafinance.com\/es\/wp-json\/wp\/v2\/comments?post=918"}],"version-history":[{"count":0,"href":"https:\/\/www.aquafinance.com\/es\/wp-json\/wp\/v2\/pages\/918\/revisions"}],"wp:attachment":[{"href":"https:\/\/www.aquafinance.com\/es\/wp-json\/wp\/v2\/media?parent=918"}],"curies":[{"name":"wp","href":"https:\/\/api.w.org\/{rel}","templated":true}]}}