{"id":2698,"date":"2025-03-26T22:13:51","date_gmt":"2025-03-26T22:13:51","guid":{"rendered":"https:\/\/www.aquafinance.com\/?page_id=2698"},"modified":"2025-03-26T22:37:05","modified_gmt":"2025-03-26T22:37:05","slug":"bienvenidos-clientes-de-state-farm","status":"publish","type":"page","link":"https:\/\/www.aquafinance.com\/es\/bienvenidos-clientes-de-state-farm\/","title":{"rendered":"\u00a1Bienvenidos, clientes de State Farm!"},"content":{"rendered":"<h1>\u00a1Bienvenidos, clientes de State Farm!<\/h1>\n<p>&nbsp;<\/p>\n<p><span dir=\"ltr\" role=\"presentation\">A partir del 14 de abril de 2025, Aqua ser\u00e1 su administrador nuevo para su cuenta <\/span><span dir=\"ltr\" role=\"presentation\">de State Farm.<\/span><\/p>\n<p><span dir=\"ltr\" role=\"presentation\">\u00a1Nos emociona servirle! Aqua se especializa en la financiaci\u00f3n de veh\u00edculos recreativos, <\/span><span dir=\"ltr\" role=\"presentation\">embarcaciones, autom\u00f3viles, deportes motorizados, mejoras para el hogar y tratamiento del <\/span><span dir=\"ltr\" role=\"presentation\">agua.<\/span><\/p>\n<p><span dir=\"ltr\" role=\"presentation\">A partir del 14 de abril de 2025, puede configurar su cuenta y sus pagos futuros <\/span><strong><a href=\"https:\/\/www.aquafinance.com\/es\/pagina-de-portal-del-cliente\/\"><span dir=\"ltr\" role=\"presentation\">aqu\u00ed<\/span><\/a><span dir=\"ltr\" role=\"presentation\">.<\/span><\/strong><\/p>\n<h2><strong>Preguntas frecuentes sobre State Farm<\/strong><\/h2>\n<p><strong>\u00bfQui\u00e9n se har\u00e1 cargo del servicio de mi pr\u00e9stamo a partir del 14 de abril de 2025?<\/strong><\/p>\n<p>Aqua Finance, Inc. (<span class=\"TextRun SCXW84111571 BCX8\" lang=\"ES-US\" xml:lang=\"ES-US\" data-contrast=\"auto\"><span class=\"NormalTextRun SCXW84111571 BCX8\">\u201c<\/span><\/span>Aqua\u201d) comenzar\u00e1 a brindar servicio a su cuenta de State Farm el 14 de abril de 2025. Aqua se especializa en pr\u00e9stamos para sectores que incluyen mejoras en el hogar, deportes de motor, veh\u00edculos recreativos, navegaci\u00f3n y sistemas de tratamiento de agua.<\/p>\n<p><strong>\u00bfHabr\u00e1 alg\u00fan cambio en los t\u00e9rminos y condiciones de mi pr\u00e9stamo debido a este nuevo servicio?<\/strong><\/p>\n<p>No, los t\u00e9rminos y condiciones de su pr\u00e9stamo permanecer\u00e1n sin cambios. Aqua se encargar\u00e1 del servicio de su pr\u00e9stamo, procesar\u00e1 sus pagos mensuales y le brindar\u00e1 atenci\u00f3n al cliente.<\/p>\n<p><strong>\u00bfCu\u00e1ndo vence mi pr\u00f3ximo pago y a qui\u00e9n le hago el pago?<\/strong><\/p>\n<p>Su pr\u00f3ximo pago vence en la misma fecha en que deber\u00eda haber vencido con State Farm, y usted debe realizar este pago a Aqua Finance, Inc. para todas las fechas de vencimiento a partir del 11 de abril de 2025.<\/p>\n<p><strong>\u00bfQu\u00e9 pasa si utilizo el servicio de pagos recurrentes autom\u00e1ticos de State Farm?<\/strong><\/p>\n<p>Si usted actualmente est\u00e1 inscrito en el servicio de pago recurrente autom\u00e1tico de State Farm, no es necesario que realice ninguna acci\u00f3n. Su informaci\u00f3n de pago se transferir\u00e1 autom\u00e1ticamente a Aqua y la transacci\u00f3n aparecer\u00e1 en su estado de cuenta bancario como Aqua Finance, Inc.<\/p>\n<p><strong>\u00bfQu\u00e9 debo hacer si utilizo un servicio de pago recurrente de terceros para realizar mis pagos?<\/strong><\/p>\n<p>Si sus pagos se realizan a trav\u00e9s de un servicio de terceros que no sea el de State Farm, sus instrucciones <strong><u>no <\/u><\/strong>se transferir\u00e1n autom\u00e1ticamente. Usted debe actualizar sus instrucciones de pago con su proveedor de servicios para incluir su nuevo n\u00famero de cuenta Aqua y la direcci\u00f3n de pago de Aqua Finance, Inc.<\/p>\n<p><strong>\u00bfCu\u00e1les son mis nuevos datos de pago con Aqua?<\/strong>\u00a0 Sus nuevos datos de pago son los siguientes:<\/p>\n<ul>\n<li>Usted deber\u00eda haber recibido una carta de bienvenida con su nuevo n\u00famero de cuenta.\u00a0 Su fecha de vencimiento seguir\u00e1 siendo la misma que antes.\u00a0 Si no tiene su nuevo n\u00famero de cuenta, llame al 800-234-3663, seleccione la opci\u00f3n 1.<\/li>\n<\/ul>\n<p><strong>\u00bfQu\u00e9 opciones tengo para realizar pagos a Aqua?<\/strong><\/p>\n<p>Usted puede realizar pagos a Aqua de varias maneras:<\/p>\n<ul>\n<li><strong>En l\u00ednea:<\/strong> Visite aquafinance.com\/make-a-payment para realizar un pago, registrarse para pagos recurrentes, ver estados de cuenta o actualizar los detalles de su cuenta.<\/li>\n<li><strong>Pagos telef\u00f3nicos automatizados: <\/strong>\u00a0Llame al 800-234-3663, seleccione la opci\u00f3n 1 para realizar un pago \u00fanico 24\/7.<\/li>\n<li><strong>Equipo de servicio de cuentas:<\/strong> Llame al 800-234-3663, seleccione la opci\u00f3n 1 para hablar con un miembro del equipo y procesar un pago durante el horario de oficina.<\/li>\n<li><strong>Correo:<\/strong> Env\u00ede su pago a <strong>Aqua Finance, Inc., PO Box 809278, Chicago, IL 60680-9278, <\/strong>asegur\u00e1ndose de incluir su nuevo n\u00famero de cuenta.<\/li>\n<\/ul>\n<p><strong>\u00bfA qui\u00e9n puedo contactar para obtener ayuda durante esta transici\u00f3n?<\/strong><\/p>\n<p>Si tiene alguna pregunta o necesita ayuda para realizar pagos durante esta transici\u00f3n, comun\u00edquese con nuestro Equipo de Servicio de Cuentas al 800-234-3663, Opci\u00f3n 1. Estamos aqu\u00ed para ayudarle.<\/p>\n","protected":false},"excerpt":{"rendered":"<p>\u00a1Bienvenidos, clientes de State Farm! &nbsp; A partir del 14 de abril de 2025, Aqua ser\u00e1 su administrador nuevo para su cuenta de State Farm. \u00a1Nos emociona servirle! Aqua se especializa en la financiaci\u00f3n de veh\u00edculos recreativos, embarcaciones, autom\u00f3viles, deportes motorizados, mejoras para el hogar y tratamiento del agua. A partir del 14 de abril de 2025, puede configurar su cuenta y sus pagos futuros aqu\u00ed. Preguntas frecuentes sobre State Farm \u00bfQui\u00e9n se har\u00e1 cargo del servicio de mi pr\u00e9stamo<\/p>\n","protected":false},"author":7,"featured_media":0,"parent":0,"menu_order":0,"comment_status":"closed","ping_status":"closed","template":"template-parts\/tpl_flagstarbank.php","meta":{"_acf_changed":false,"inline_featured_image":false,"footnotes":"","_links_to":"","_links_to_target":""},"class_list":["post-2698","page","type-page","status-publish","hentry"],"acf":[],"yoast_head":"<!-- This site is optimized with the Yoast SEO plugin v27.5 - https:\/\/yoast.com\/product\/yoast-seo-wordpress\/ -->\n<title>\u00a1Bienvenidos, clientes de State Farm! - Aqua Finance<\/title>\n<meta name=\"robots\" content=\"index, follow, max-snippet:-1, max-image-preview:large, max-video-preview:-1\" \/>\n<link rel=\"canonical\" href=\"https:\/\/www.aquafinance.com\/es\/bienvenidos-clientes-de-state-farm\/\" \/>\n<meta property=\"og:locale\" content=\"es_ES\" \/>\n<meta property=\"og:type\" content=\"article\" \/>\n<meta property=\"og:title\" content=\"\u00a1Bienvenidos, clientes de State Farm! - Aqua Finance\" \/>\n<meta property=\"og:description\" content=\"\u00a1Bienvenidos, clientes de State Farm! &nbsp; A partir del 14 de abril de 2025, Aqua ser\u00e1 su administrador nuevo para su cuenta de State Farm. \u00a1Nos emociona servirle! Aqua se especializa en la financiaci\u00f3n de veh\u00edculos recreativos, embarcaciones, autom\u00f3viles, deportes motorizados, mejoras para el hogar y tratamiento del agua. A partir del 14 de abril de 2025, puede configurar su cuenta y sus pagos futuros aqu\u00ed. Preguntas frecuentes sobre State Farm \u00bfQui\u00e9n se har\u00e1 cargo del servicio de mi pr\u00e9stamo\" \/>\n<meta property=\"og:url\" content=\"https:\/\/www.aquafinance.com\/es\/bienvenidos-clientes-de-state-farm\/\" \/>\n<meta property=\"og:site_name\" content=\"Aqua Finance\" \/>\n<meta property=\"article:modified_time\" content=\"2025-03-26T22:37:05+00:00\" \/>\n<meta name=\"twitter:card\" content=\"summary_large_image\" \/>\n<meta name=\"twitter:label1\" content=\"Tiempo de lectura\" \/>\n\t<meta name=\"twitter:data1\" content=\"3 minutos\" \/>\n<script type=\"application\/ld+json\" class=\"yoast-schema-graph\">{\"@context\":\"https:\\\/\\\/schema.org\",\"@graph\":[{\"@type\":\"WebPage\",\"@id\":\"https:\\\/\\\/www.aquafinance.com\\\/es\\\/bienvenidos-clientes-de-state-farm\\\/\",\"url\":\"https:\\\/\\\/www.aquafinance.com\\\/es\\\/bienvenidos-clientes-de-state-farm\\\/\",\"name\":\"\u00a1Bienvenidos, clientes de State Farm! - Aqua Finance\",\"isPartOf\":{\"@id\":\"https:\\\/\\\/www.aquafinance.com\\\/es\\\/#website\"},\"datePublished\":\"2025-03-26T22:13:51+00:00\",\"dateModified\":\"2025-03-26T22:37:05+00:00\",\"breadcrumb\":{\"@id\":\"https:\\\/\\\/www.aquafinance.com\\\/es\\\/bienvenidos-clientes-de-state-farm\\\/#breadcrumb\"},\"inLanguage\":\"es\",\"potentialAction\":[{\"@type\":\"ReadAction\",\"target\":[\"https:\\\/\\\/www.aquafinance.com\\\/es\\\/bienvenidos-clientes-de-state-farm\\\/\"]}]},{\"@type\":\"BreadcrumbList\",\"@id\":\"https:\\\/\\\/www.aquafinance.com\\\/es\\\/bienvenidos-clientes-de-state-farm\\\/#breadcrumb\",\"itemListElement\":[{\"@type\":\"ListItem\",\"position\":1,\"name\":\"Home\",\"item\":\"https:\\\/\\\/www.aquafinance.com\\\/es\\\/\"},{\"@type\":\"ListItem\",\"position\":2,\"name\":\"\u00a1Bienvenidos, clientes de State Farm!\"}]},{\"@type\":\"WebSite\",\"@id\":\"https:\\\/\\\/www.aquafinance.com\\\/es\\\/#website\",\"url\":\"https:\\\/\\\/www.aquafinance.com\\\/es\\\/\",\"name\":\"Aqua Finance\",\"description\":\"\",\"publisher\":{\"@id\":\"https:\\\/\\\/www.aquafinance.com\\\/es\\\/#organization\"},\"potentialAction\":[{\"@type\":\"SearchAction\",\"target\":{\"@type\":\"EntryPoint\",\"urlTemplate\":\"https:\\\/\\\/www.aquafinance.com\\\/es\\\/?s={search_term_string}\"},\"query-input\":{\"@type\":\"PropertyValueSpecification\",\"valueRequired\":true,\"valueName\":\"search_term_string\"}}],\"inLanguage\":\"es\"},{\"@type\":\"Organization\",\"@id\":\"https:\\\/\\\/www.aquafinance.com\\\/es\\\/#organization\",\"name\":\"Aqua finance\",\"url\":\"https:\\\/\\\/www.aquafinance.com\\\/es\\\/\",\"logo\":{\"@type\":\"ImageObject\",\"inLanguage\":\"es\",\"@id\":\"https:\\\/\\\/www.aquafinance.com\\\/es\\\/#\\\/schema\\\/logo\\\/image\\\/\",\"url\":\"https:\\\/\\\/www.aquafinance.com\\\/wp-content\\\/uploads\\\/2022\\\/05\\\/Aqua_Primary_Logo.svg\",\"contentUrl\":\"https:\\\/\\\/www.aquafinance.com\\\/wp-content\\\/uploads\\\/2022\\\/05\\\/Aqua_Primary_Logo.svg\",\"width\":130,\"height\":32,\"caption\":\"Aqua finance\"},\"image\":{\"@id\":\"https:\\\/\\\/www.aquafinance.com\\\/es\\\/#\\\/schema\\\/logo\\\/image\\\/\"}}]}<\/script>\n<!-- \/ Yoast SEO plugin. -->","yoast_head_json":{"title":"\u00a1Bienvenidos, clientes de State Farm! - Aqua Finance","robots":{"index":"index","follow":"follow","max-snippet":"max-snippet:-1","max-image-preview":"max-image-preview:large","max-video-preview":"max-video-preview:-1"},"canonical":"https:\/\/www.aquafinance.com\/es\/bienvenidos-clientes-de-state-farm\/","og_locale":"es_ES","og_type":"article","og_title":"\u00a1Bienvenidos, clientes de State Farm! - Aqua Finance","og_description":"\u00a1Bienvenidos, clientes de State Farm! &nbsp; A partir del 14 de abril de 2025, Aqua ser\u00e1 su administrador nuevo para su cuenta de State Farm. \u00a1Nos emociona servirle! Aqua se especializa en la financiaci\u00f3n de veh\u00edculos recreativos, embarcaciones, autom\u00f3viles, deportes motorizados, mejoras para el hogar y tratamiento del agua. A partir del 14 de abril de 2025, puede configurar su cuenta y sus pagos futuros aqu\u00ed. Preguntas frecuentes sobre State Farm \u00bfQui\u00e9n se har\u00e1 cargo del servicio de mi pr\u00e9stamo","og_url":"https:\/\/www.aquafinance.com\/es\/bienvenidos-clientes-de-state-farm\/","og_site_name":"Aqua Finance","article_modified_time":"2025-03-26T22:37:05+00:00","twitter_card":"summary_large_image","twitter_misc":{"Tiempo de lectura":"3 minutos"},"schema":{"@context":"https:\/\/schema.org","@graph":[{"@type":"WebPage","@id":"https:\/\/www.aquafinance.com\/es\/bienvenidos-clientes-de-state-farm\/","url":"https:\/\/www.aquafinance.com\/es\/bienvenidos-clientes-de-state-farm\/","name":"\u00a1Bienvenidos, clientes de State Farm! - Aqua Finance","isPartOf":{"@id":"https:\/\/www.aquafinance.com\/es\/#website"},"datePublished":"2025-03-26T22:13:51+00:00","dateModified":"2025-03-26T22:37:05+00:00","breadcrumb":{"@id":"https:\/\/www.aquafinance.com\/es\/bienvenidos-clientes-de-state-farm\/#breadcrumb"},"inLanguage":"es","potentialAction":[{"@type":"ReadAction","target":["https:\/\/www.aquafinance.com\/es\/bienvenidos-clientes-de-state-farm\/"]}]},{"@type":"BreadcrumbList","@id":"https:\/\/www.aquafinance.com\/es\/bienvenidos-clientes-de-state-farm\/#breadcrumb","itemListElement":[{"@type":"ListItem","position":1,"name":"Home","item":"https:\/\/www.aquafinance.com\/es\/"},{"@type":"ListItem","position":2,"name":"\u00a1Bienvenidos, clientes de State Farm!"}]},{"@type":"WebSite","@id":"https:\/\/www.aquafinance.com\/es\/#website","url":"https:\/\/www.aquafinance.com\/es\/","name":"Aqua Finance","description":"","publisher":{"@id":"https:\/\/www.aquafinance.com\/es\/#organization"},"potentialAction":[{"@type":"SearchAction","target":{"@type":"EntryPoint","urlTemplate":"https:\/\/www.aquafinance.com\/es\/?s={search_term_string}"},"query-input":{"@type":"PropertyValueSpecification","valueRequired":true,"valueName":"search_term_string"}}],"inLanguage":"es"},{"@type":"Organization","@id":"https:\/\/www.aquafinance.com\/es\/#organization","name":"Aqua finance","url":"https:\/\/www.aquafinance.com\/es\/","logo":{"@type":"ImageObject","inLanguage":"es","@id":"https:\/\/www.aquafinance.com\/es\/#\/schema\/logo\/image\/","url":"https:\/\/www.aquafinance.com\/wp-content\/uploads\/2022\/05\/Aqua_Primary_Logo.svg","contentUrl":"https:\/\/www.aquafinance.com\/wp-content\/uploads\/2022\/05\/Aqua_Primary_Logo.svg","width":130,"height":32,"caption":"Aqua finance"},"image":{"@id":"https:\/\/www.aquafinance.com\/es\/#\/schema\/logo\/image\/"}}]}},"_links":{"self":[{"href":"https:\/\/www.aquafinance.com\/es\/wp-json\/wp\/v2\/pages\/2698","targetHints":{"allow":["GET"]}}],"collection":[{"href":"https:\/\/www.aquafinance.com\/es\/wp-json\/wp\/v2\/pages"}],"about":[{"href":"https:\/\/www.aquafinance.com\/es\/wp-json\/wp\/v2\/types\/page"}],"author":[{"embeddable":true,"href":"https:\/\/www.aquafinance.com\/es\/wp-json\/wp\/v2\/users\/7"}],"replies":[{"embeddable":true,"href":"https:\/\/www.aquafinance.com\/es\/wp-json\/wp\/v2\/comments?post=2698"}],"version-history":[{"count":0,"href":"https:\/\/www.aquafinance.com\/es\/wp-json\/wp\/v2\/pages\/2698\/revisions"}],"wp:attachment":[{"href":"https:\/\/www.aquafinance.com\/es\/wp-json\/wp\/v2\/media?parent=2698"}],"curies":[{"name":"wp","href":"https:\/\/api.w.org\/{rel}","templated":true}]}}