{"id":1019,"date":"2022-05-18T20:09:33","date_gmt":"2022-05-18T20:09:33","guid":{"rendered":"https:\/\/www.aquafinance.com\/designing-spaces\/"},"modified":"2024-03-08T12:23:27","modified_gmt":"2024-03-08T12:23:27","slug":"diseno-de-espacios","status":"publish","type":"page","link":"https:\/\/www.aquafinance.com\/es\/diseno-de-espacios\/","title":{"rendered":"Dise\u00f1o de Espacios"},"content":{"rendered":"","protected":false},"excerpt":{"rendered":"","protected":false},"author":1,"featured_media":0,"parent":0,"menu_order":0,"comment_status":"closed","ping_status":"closed","template":"marketing.php","meta":{"_acf_changed":false,"inline_featured_image":false,"footnotes":"","_links_to":"","_links_to_target":""},"class_list":["post-1019","page","type-page","status-publish","hentry"],"acf":[],"yoast_head":"<!-- This site is optimized with the Yoast SEO plugin v27.3 - https:\/\/yoast.com\/product\/yoast-seo-wordpress\/ -->\n<title>Aqua Finance en &#039;Dise\u00f1o de Espacios&#039;: Finanzas<\/title>\n<meta name=\"description\" content=\"Descubre la participaci\u00f3n de Aqua Finance en &#039;Dise\u00f1o de Espacios&#039;. Obt\u00e9n informaci\u00f3n sobre soluciones financieras para el hogar y estilos de vida.\" \/>\n<meta name=\"robots\" content=\"index, follow, max-snippet:-1, max-image-preview:large, max-video-preview:-1\" \/>\n<link rel=\"canonical\" href=\"https:\/\/www.aquafinance.com\/es\/diseno-de-espacios\/\" \/>\n<meta property=\"og:locale\" content=\"es_ES\" \/>\n<meta property=\"og:type\" content=\"article\" \/>\n<meta property=\"og:title\" content=\"Aqua Finance en &#039;Dise\u00f1o de Espacios&#039;: Finanzas\" \/>\n<meta property=\"og:description\" content=\"Descubre la participaci\u00f3n de Aqua Finance en &#039;Dise\u00f1o de Espacios&#039;. Obt\u00e9n informaci\u00f3n sobre soluciones financieras para el hogar y estilos de vida.\" \/>\n<meta property=\"og:url\" content=\"https:\/\/www.aquafinance.com\/es\/diseno-de-espacios\/\" \/>\n<meta property=\"og:site_name\" content=\"Aqua Finance\" \/>\n<meta property=\"article:modified_time\" content=\"2024-03-08T12:23:27+00:00\" \/>\n<meta name=\"twitter:card\" content=\"summary_large_image\" \/>\n<script type=\"application\/ld+json\" class=\"yoast-schema-graph\">{\"@context\":\"https:\\\/\\\/schema.org\",\"@graph\":[{\"@type\":\"WebPage\",\"@id\":\"https:\\\/\\\/www.aquafinance.com\\\/es\\\/diseno-de-espacios\\\/\",\"url\":\"https:\\\/\\\/www.aquafinance.com\\\/es\\\/diseno-de-espacios\\\/\",\"name\":\"Aqua Finance en 'Dise\u00f1o de Espacios': Finanzas\",\"isPartOf\":{\"@id\":\"https:\\\/\\\/www.aquafinance.com\\\/es\\\/#website\"},\"datePublished\":\"2022-05-18T20:09:33+00:00\",\"dateModified\":\"2024-03-08T12:23:27+00:00\",\"description\":\"Descubre la participaci\u00f3n de Aqua Finance en 'Dise\u00f1o de Espacios'. Obt\u00e9n informaci\u00f3n sobre soluciones financieras para el hogar y estilos de vida.\",\"breadcrumb\":{\"@id\":\"https:\\\/\\\/www.aquafinance.com\\\/es\\\/diseno-de-espacios\\\/#breadcrumb\"},\"inLanguage\":\"es\",\"potentialAction\":[{\"@type\":\"ReadAction\",\"target\":[\"https:\\\/\\\/www.aquafinance.com\\\/es\\\/diseno-de-espacios\\\/\"]}]},{\"@type\":\"BreadcrumbList\",\"@id\":\"https:\\\/\\\/www.aquafinance.com\\\/es\\\/diseno-de-espacios\\\/#breadcrumb\",\"itemListElement\":[{\"@type\":\"ListItem\",\"position\":1,\"name\":\"Home\",\"item\":\"https:\\\/\\\/www.aquafinance.com\\\/es\\\/\"},{\"@type\":\"ListItem\",\"position\":2,\"name\":\"Dise\u00f1o de Espacios\"}]},{\"@type\":\"WebSite\",\"@id\":\"https:\\\/\\\/www.aquafinance.com\\\/es\\\/#website\",\"url\":\"https:\\\/\\\/www.aquafinance.com\\\/es\\\/\",\"name\":\"Aqua Finance\",\"description\":\"\",\"publisher\":{\"@id\":\"https:\\\/\\\/www.aquafinance.com\\\/es\\\/#organization\"},\"potentialAction\":[{\"@type\":\"SearchAction\",\"target\":{\"@type\":\"EntryPoint\",\"urlTemplate\":\"https:\\\/\\\/www.aquafinance.com\\\/es\\\/?s={search_term_string}\"},\"query-input\":{\"@type\":\"PropertyValueSpecification\",\"valueRequired\":true,\"valueName\":\"search_term_string\"}}],\"inLanguage\":\"es\"},{\"@type\":\"Organization\",\"@id\":\"https:\\\/\\\/www.aquafinance.com\\\/es\\\/#organization\",\"name\":\"Aqua finance\",\"url\":\"https:\\\/\\\/www.aquafinance.com\\\/es\\\/\",\"logo\":{\"@type\":\"ImageObject\",\"inLanguage\":\"es\",\"@id\":\"https:\\\/\\\/www.aquafinance.com\\\/es\\\/#\\\/schema\\\/logo\\\/image\\\/\",\"url\":\"https:\\\/\\\/www.aquafinance.com\\\/wp-content\\\/uploads\\\/2022\\\/05\\\/Aqua_Primary_Logo.svg\",\"contentUrl\":\"https:\\\/\\\/www.aquafinance.com\\\/wp-content\\\/uploads\\\/2022\\\/05\\\/Aqua_Primary_Logo.svg\",\"width\":130,\"height\":32,\"caption\":\"Aqua finance\"},\"image\":{\"@id\":\"https:\\\/\\\/www.aquafinance.com\\\/es\\\/#\\\/schema\\\/logo\\\/image\\\/\"}}]}<\/script>\n<!-- \/ Yoast SEO plugin. -->","yoast_head_json":{"title":"Aqua Finance en 'Dise\u00f1o de Espacios': Finanzas","description":"Descubre la participaci\u00f3n de Aqua Finance en 'Dise\u00f1o de Espacios'. Obt\u00e9n informaci\u00f3n sobre soluciones financieras para el hogar y estilos de vida.","robots":{"index":"index","follow":"follow","max-snippet":"max-snippet:-1","max-image-preview":"max-image-preview:large","max-video-preview":"max-video-preview:-1"},"canonical":"https:\/\/www.aquafinance.com\/es\/diseno-de-espacios\/","og_locale":"es_ES","og_type":"article","og_title":"Aqua Finance en 'Dise\u00f1o de Espacios': Finanzas","og_description":"Descubre la participaci\u00f3n de Aqua Finance en 'Dise\u00f1o de Espacios'. Obt\u00e9n informaci\u00f3n sobre soluciones financieras para el hogar y estilos de vida.","og_url":"https:\/\/www.aquafinance.com\/es\/diseno-de-espacios\/","og_site_name":"Aqua Finance","article_modified_time":"2024-03-08T12:23:27+00:00","twitter_card":"summary_large_image","schema":{"@context":"https:\/\/schema.org","@graph":[{"@type":"WebPage","@id":"https:\/\/www.aquafinance.com\/es\/diseno-de-espacios\/","url":"https:\/\/www.aquafinance.com\/es\/diseno-de-espacios\/","name":"Aqua Finance en 'Dise\u00f1o de Espacios': Finanzas","isPartOf":{"@id":"https:\/\/www.aquafinance.com\/es\/#website"},"datePublished":"2022-05-18T20:09:33+00:00","dateModified":"2024-03-08T12:23:27+00:00","description":"Descubre la participaci\u00f3n de Aqua Finance en 'Dise\u00f1o de Espacios'. Obt\u00e9n informaci\u00f3n sobre soluciones financieras para el hogar y estilos de vida.","breadcrumb":{"@id":"https:\/\/www.aquafinance.com\/es\/diseno-de-espacios\/#breadcrumb"},"inLanguage":"es","potentialAction":[{"@type":"ReadAction","target":["https:\/\/www.aquafinance.com\/es\/diseno-de-espacios\/"]}]},{"@type":"BreadcrumbList","@id":"https:\/\/www.aquafinance.com\/es\/diseno-de-espacios\/#breadcrumb","itemListElement":[{"@type":"ListItem","position":1,"name":"Home","item":"https:\/\/www.aquafinance.com\/es\/"},{"@type":"ListItem","position":2,"name":"Dise\u00f1o de Espacios"}]},{"@type":"WebSite","@id":"https:\/\/www.aquafinance.com\/es\/#website","url":"https:\/\/www.aquafinance.com\/es\/","name":"Aqua Finance","description":"","publisher":{"@id":"https:\/\/www.aquafinance.com\/es\/#organization"},"potentialAction":[{"@type":"SearchAction","target":{"@type":"EntryPoint","urlTemplate":"https:\/\/www.aquafinance.com\/es\/?s={search_term_string}"},"query-input":{"@type":"PropertyValueSpecification","valueRequired":true,"valueName":"search_term_string"}}],"inLanguage":"es"},{"@type":"Organization","@id":"https:\/\/www.aquafinance.com\/es\/#organization","name":"Aqua finance","url":"https:\/\/www.aquafinance.com\/es\/","logo":{"@type":"ImageObject","inLanguage":"es","@id":"https:\/\/www.aquafinance.com\/es\/#\/schema\/logo\/image\/","url":"https:\/\/www.aquafinance.com\/wp-content\/uploads\/2022\/05\/Aqua_Primary_Logo.svg","contentUrl":"https:\/\/www.aquafinance.com\/wp-content\/uploads\/2022\/05\/Aqua_Primary_Logo.svg","width":130,"height":32,"caption":"Aqua finance"},"image":{"@id":"https:\/\/www.aquafinance.com\/es\/#\/schema\/logo\/image\/"}}]}},"_links":{"self":[{"href":"https:\/\/www.aquafinance.com\/es\/wp-json\/wp\/v2\/pages\/1019","targetHints":{"allow":["GET"]}}],"collection":[{"href":"https:\/\/www.aquafinance.com\/es\/wp-json\/wp\/v2\/pages"}],"about":[{"href":"https:\/\/www.aquafinance.com\/es\/wp-json\/wp\/v2\/types\/page"}],"author":[{"embeddable":true,"href":"https:\/\/www.aquafinance.com\/es\/wp-json\/wp\/v2\/users\/1"}],"replies":[{"embeddable":true,"href":"https:\/\/www.aquafinance.com\/es\/wp-json\/wp\/v2\/comments?post=1019"}],"version-history":[{"count":0,"href":"https:\/\/www.aquafinance.com\/es\/wp-json\/wp\/v2\/pages\/1019\/revisions"}],"wp:attachment":[{"href":"https:\/\/www.aquafinance.com\/es\/wp-json\/wp\/v2\/media?parent=1019"}],"curies":[{"name":"wp","href":"https:\/\/api.w.org\/{rel}","templated":true}]}}